{"id":1015,"date":"2023-09-20T16:56:57","date_gmt":"2023-09-20T16:56:57","guid":{"rendered":"https:\/\/maziul.legal\/?page_id=1015"},"modified":"2023-09-21T13:24:04","modified_gmt":"2023-09-21T13:24:04","slug":"politica-de-cookies","status":"publish","type":"page","link":"https:\/\/maziul.legal\/es\/politica-de-cookies\/","title":{"rendered":"Pol\u00edtica de Cookies"},"content":{"rendered":"\t\t<div data-elementor-type=\"wp-page\" data-elementor-id=\"1015\" class=\"elementor elementor-1015\" data-elementor-post-type=\"page\">\n\t\t\t\t\t\t<section class=\"elementor-section elementor-top-section elementor-element elementor-element-b3b3a47 elementor-section-boxed elementor-section-height-default elementor-section-height-default\" data-id=\"b3b3a47\" data-element_type=\"section\" data-e-type=\"section\">\n\t\t\t\t\t\t<div class=\"elementor-container elementor-column-gap-default\">\n\t\t\t\t\t<div class=\"elementor-column elementor-col-100 elementor-top-column elementor-element elementor-element-67dcf0c\" data-id=\"67dcf0c\" data-element_type=\"column\" data-e-type=\"column\">\n\t\t\t<div class=\"elementor-widget-wrap elementor-element-populated\">\n\t\t\t\t\t\t<div class=\"elementor-element elementor-element-fd9818e elementor-widget elementor-widget-heading\" data-id=\"fd9818e\" data-element_type=\"widget\" data-e-type=\"widget\" data-widget_type=\"heading.default\">\n\t\t\t\t<div class=\"elementor-widget-container\">\n\t\t\t\t\t<h1 class=\"elementor-heading-title elementor-size-default\">Politica de Cookies<\/h1>\t\t\t\t<\/div>\n\t\t\t\t<\/div>\n\t\t\t\t<div class=\"elementor-element elementor-element-5ec941e elementor-widget elementor-widget-text-editor\" data-id=\"5ec941e\" data-element_type=\"widget\" data-e-type=\"widget\" data-widget_type=\"text-editor.default\">\n\t\t\t\t<div class=\"elementor-widget-container\">\n\t\t\t\t\t\t\t\t\t<p>Nuestro sitio web utiliza cookies para distinguirle de otros usuarios del mismo. Esto nos ayuda a proporcionarle una buena experiencia cuando navega por nuestro sitio web y tambi\u00e9n nos permite mejorarlo. Algunas de las cookies utilizadas en este sitio tambi\u00e9n benefician a nuestros socios, como se menciona m\u00e1s adelante.<\/p><p>Una cookie es un peque\u00f1o archivo de letras y n\u00fameros que almacenamos en su navegador o en el disco duro de su ordenador si usted est\u00e1 de acuerdo. Las cookies contienen informaci\u00f3n que se transfiere al disco duro de su ordenador.<\/p><p>Nos permite reconocer su ordenador (pero no espec\u00edficamente qui\u00e9n lo utiliza) al entrar en nuestro sitio, aunque no haya iniciado sesi\u00f3n en \u00e9l. Cuando visita nuestro sitio, puede navegar de forma an\u00f3nima y acceder a informaci\u00f3n importante sin revelar su identidad cambiando la configuraci\u00f3n de su navegador. Sin embargo, para ofrecerle un mejor servicio, podemos utilizar cookies para rastrear su visita. Si utiliza la configuraci\u00f3n de su navegador para bloquear todas las cookies (incluidas las cookies esenciales) es posible que no pueda acceder a la totalidad o a partes de nuestro sitio.<\/p><p>Cada cookie est\u00e1 identificada y explicada por su categor\u00eda de cookie (de un total de cuatro categor\u00edas), una descripci\u00f3n de su prop\u00f3sito, el nombre de su proveedor y el periodo de retenci\u00f3n.<\/p><table width=\"1128\"><tbody><tr><td width=\"247\"><strong>Nombre<\/strong><\/td><td width=\"221\"><strong>Servicio<\/strong><\/td><td width=\"176\"><strong>Fecha de expiraci\u00f3n<\/strong><\/td><td width=\"331\"><strong>Funci\u00f3n de la cookie<\/strong><\/td><td width=\"153\"><strong>Finalidad<\/strong><\/td><\/tr><tr><td>e_globals<\/td><td>Elementor<\/td><td>sesi\u00f3n<\/td><td>proporcionar funcionalidad entre p\u00e1ginas<\/td><td>Funcional<\/td><\/tr><tr><td>elementor<\/td><td>Elementor<\/td><td>persistente<\/td><td>guardar acciones hechas por usuarios en el sitio web<\/td><td>Estad\u00edsticas (an\u00f3nimas)<\/td><\/tr><tr><td>_grecaptcha<\/td><td>Google Recaptcha<\/td><td>6 meses<\/td><td>proporcionar protecci\u00f3n contra correo no deseado<\/td><td>Funcional<\/td><\/tr><tr><td>rc::c<\/td><td>Google Recaptcha<\/td><td>sesi\u00f3n<\/td><td>filtrar solicitudes de bots<\/td><td>Marketing<\/td><\/tr><tr><td>rc::b<\/td><td>Google Recaptcha<\/td><td>sesi\u00f3n<\/td><td>filtrar solicitudes de bots<\/td><td>Marketing<\/td><\/tr><tr><td>wpEmojiSettingsSupports<\/td><td>WordPress<\/td><td>sesi\u00f3n<\/td><td>guardar detalles del navegador<\/td><td>Funcional<\/td><\/tr><tr><td>_gid<\/td><td>Google Analytics<\/td><td>1 d\u00eda<\/td><td>contar y rastrear p\u00e1ginas vistas<\/td><td>Estad\u00edsticas<\/td><\/tr><tr><td>_ga<\/td><td>Google Analytics<\/td><td>2 a\u00f1os<\/td><td>contar y rastrear p\u00e1ginas vistas<\/td><td>Estad\u00edsticas<\/td><\/tr><tr><td>_ga_*<\/td><td>Google Analytics<\/td><td>1\u00a0 a\u00f1o<\/td><td>contar y rastrear p\u00e1ginas vistas<\/td><td>Estad\u00edsticas<\/td><\/tr><tr><td>wp-wpml_current_admin_language_*<\/td><td>WPML<\/td><td>sesi\u00f3n<\/td><td>guardar configuraciones de lenguaje<\/td><td>Funcional<\/td><\/tr><tr><td>wp-wpml_current_language<\/td><td>WPML<\/td><td>1 d\u00eda<\/td><td>guardar configuraciones de lenguaje<\/td><td>Funcional<\/td><\/tr><tr><td>Google Fonts API<\/td><td>Google Fonts<\/td><td>nada<\/td><td>solicitar la direcci\u00f3n IP del usuario<\/td><td>MArketing<\/td><\/tr><tr><td>Google Maps API<\/td><td>Google Maps<\/td><td>nada<\/td><td>solicitar la direcci\u00f3n IP del usuario<\/td><td>MArketing<\/td><\/tr><\/tbody><\/table><p><strong>Configuraci\u00f3n de Cookies<\/strong><\/p><p>Puede cambiar sus preferencias de cookies en cualquier momento haciendo clic en el bot\u00f3n anterior. Esto le permitir\u00e1 volver a visitar el banner de consentimiento de cookies y cambiar sus preferencias o retirar su consentimiento de inmediato.<\/p><p>Adem\u00e1s, los distintos navegadores ofrecen diferentes m\u00e9todos para bloquear y eliminar las cookies utilizadas por los sitios web. Puede cambiar la configuraci\u00f3n de su navegador para bloquear o eliminar las cookies. A continuaci\u00f3n figuran los enlaces a los documentos de apoyo sobre c\u00f3mo gestionar y eliminar las cookies de los principales navegadores web.<\/p><ul><li>Chrome: https:\/\/support.google.com\/accounts\/answer\/32050<\/li><li>Safari: https:\/\/support.apple.com\/en-in\/guide\/safari\/sfri11471\/mac<\/li><li>Firefox: https:\/\/support.mozilla.org\/en-US\/kb\/clear-cookies-and-site-data-firefox?redirectslug=delete-cookies-remove-info-websites-stored&amp;redirectlocale=en-US<\/li><li>Internet Explorer: https:\/\/support.microsoft.com\/en-us\/topic\/how-to-delete-cookie-files-in-internet-explorer-bca9446f-d873-78de-77ba-d42645fa52fc<\/li><\/ul><p>\u00a0<\/p><p>Si utiliza cualquier otro navegador, consulte la documentaci\u00f3n oficial de su navegador.<\/p>\t\t\t\t\t\t\t\t<\/div>\n\t\t\t\t<\/div>\n\t\t\t\t\t<\/div>\n\t\t<\/div>\n\t\t\t\t\t<\/div>\n\t\t<\/section>\n\t\t\t\t<\/div>\n\t\t","protected":false},"excerpt":{"rendered":"<p>Politica de Cookies Nuestro sitio web utiliza cookies para distinguirle de otros usuarios del mismo. Esto nos ayuda a proporcionarle una buena experiencia cuando navega por nuestro sitio web y tambi\u00e9n nos permite mejorarlo. Algunas de las cookies utilizadas en este sitio tambi\u00e9n benefician a nuestros socios, como se menciona m\u00e1s adelante. Una cookie es [&hellip;]<\/p>\n","protected":false},"author":1,"featured_media":0,"parent":0,"menu_order":0,"comment_status":"closed","ping_status":"closed","template":"elementor_header_footer","meta":{"footnotes":""},"class_list":["post-1015","page","type-page","status-publish","hentry"],"yoast_head":"<!-- This site is optimized with the Yoast SEO plugin v27.0 - https:\/\/yoast.com\/product\/yoast-seo-wordpress\/ -->\n<title>Pol\u00edtica de Cookies - Maziul &amp; Asociados<\/title>\n<meta name=\"robots\" content=\"index, follow, max-snippet:-1, max-image-preview:large, max-video-preview:-1\" \/>\n<link rel=\"canonical\" href=\"https:\/\/maziul.legal\/es\/politica-de-cookies\/\" \/>\n<meta property=\"og:locale\" content=\"es_ES\" \/>\n<meta property=\"og:type\" content=\"article\" \/>\n<meta property=\"og:title\" content=\"Pol\u00edtica de Cookies - Maziul &amp; Asociados\" \/>\n<meta property=\"og:description\" content=\"Politica de Cookies Nuestro sitio web utiliza cookies para distinguirle de otros usuarios del mismo. Esto nos ayuda a proporcionarle una buena experiencia cuando navega por nuestro sitio web y tambi\u00e9n nos permite mejorarlo. Algunas de las cookies utilizadas en este sitio tambi\u00e9n benefician a nuestros socios, como se menciona m\u00e1s adelante. Una cookie es [&hellip;]\" \/>\n<meta property=\"og:url\" content=\"https:\/\/maziul.legal\/es\/politica-de-cookies\/\" \/>\n<meta property=\"og:site_name\" content=\"Maziul &amp; Asociados\" \/>\n<meta property=\"article:modified_time\" content=\"2023-09-21T13:24:04+00:00\" \/>\n<meta name=\"twitter:card\" content=\"summary_large_image\" \/>\n<meta name=\"twitter:label1\" content=\"Tiempo de lectura\" \/>\n\t<meta name=\"twitter:data1\" content=\"2 minutos\" \/>\n<script type=\"application\/ld+json\" class=\"yoast-schema-graph\">{\"@context\":\"https:\/\/schema.org\",\"@graph\":[{\"@type\":\"WebPage\",\"@id\":\"https:\/\/maziul.legal\/es\/politica-de-cookies\/\",\"url\":\"https:\/\/maziul.legal\/es\/politica-de-cookies\/\",\"name\":\"Pol\u00edtica de Cookies - Maziul &amp; Asociados\",\"isPartOf\":{\"@id\":\"https:\/\/maziul.legal\/es\/#website\"},\"datePublished\":\"2023-09-20T16:56:57+00:00\",\"dateModified\":\"2023-09-21T13:24:04+00:00\",\"breadcrumb\":{\"@id\":\"https:\/\/maziul.legal\/es\/politica-de-cookies\/#breadcrumb\"},\"inLanguage\":\"es\",\"potentialAction\":[{\"@type\":\"ReadAction\",\"target\":[\"https:\/\/maziul.legal\/es\/politica-de-cookies\/\"]}]},{\"@type\":\"BreadcrumbList\",\"@id\":\"https:\/\/maziul.legal\/es\/politica-de-cookies\/#breadcrumb\",\"itemListElement\":[{\"@type\":\"ListItem\",\"position\":1,\"name\":\"Portada\",\"item\":\"https:\/\/maziul.legal\/es\/\"},{\"@type\":\"ListItem\",\"position\":2,\"name\":\"Pol\u00edtica de Cookies\"}]},{\"@type\":\"WebSite\",\"@id\":\"https:\/\/maziul.legal\/es\/#website\",\"url\":\"https:\/\/maziul.legal\/es\/\",\"name\":\"Maziul &amp; Asociados\",\"description\":\"S&oacute;lo otro sitio de WordPress\",\"potentialAction\":[{\"@type\":\"SearchAction\",\"target\":{\"@type\":\"EntryPoint\",\"urlTemplate\":\"https:\/\/maziul.legal\/es\/?s={search_term_string}\"},\"query-input\":{\"@type\":\"PropertyValueSpecification\",\"valueRequired\":true,\"valueName\":\"search_term_string\"}}],\"inLanguage\":\"es\"}]}<\/script>\n<!-- \/ Yoast SEO plugin. -->","yoast_head_json":{"title":"Pol\u00edtica de Cookies - Maziul &amp; Asociados","robots":{"index":"index","follow":"follow","max-snippet":"max-snippet:-1","max-image-preview":"max-image-preview:large","max-video-preview":"max-video-preview:-1"},"canonical":"https:\/\/maziul.legal\/es\/politica-de-cookies\/","og_locale":"es_ES","og_type":"article","og_title":"Pol\u00edtica de Cookies - Maziul &amp; Asociados","og_description":"Politica de Cookies Nuestro sitio web utiliza cookies para distinguirle de otros usuarios del mismo. Esto nos ayuda a proporcionarle una buena experiencia cuando navega por nuestro sitio web y tambi\u00e9n nos permite mejorarlo. Algunas de las cookies utilizadas en este sitio tambi\u00e9n benefician a nuestros socios, como se menciona m\u00e1s adelante. Una cookie es [&hellip;]","og_url":"https:\/\/maziul.legal\/es\/politica-de-cookies\/","og_site_name":"Maziul &amp; Asociados","article_modified_time":"2023-09-21T13:24:04+00:00","twitter_card":"summary_large_image","twitter_misc":{"Tiempo de lectura":"2 minutos"},"schema":{"@context":"https:\/\/schema.org","@graph":[{"@type":"WebPage","@id":"https:\/\/maziul.legal\/es\/politica-de-cookies\/","url":"https:\/\/maziul.legal\/es\/politica-de-cookies\/","name":"Pol\u00edtica de Cookies - Maziul &amp; Asociados","isPartOf":{"@id":"https:\/\/maziul.legal\/es\/#website"},"datePublished":"2023-09-20T16:56:57+00:00","dateModified":"2023-09-21T13:24:04+00:00","breadcrumb":{"@id":"https:\/\/maziul.legal\/es\/politica-de-cookies\/#breadcrumb"},"inLanguage":"es","potentialAction":[{"@type":"ReadAction","target":["https:\/\/maziul.legal\/es\/politica-de-cookies\/"]}]},{"@type":"BreadcrumbList","@id":"https:\/\/maziul.legal\/es\/politica-de-cookies\/#breadcrumb","itemListElement":[{"@type":"ListItem","position":1,"name":"Portada","item":"https:\/\/maziul.legal\/es\/"},{"@type":"ListItem","position":2,"name":"Pol\u00edtica de Cookies"}]},{"@type":"WebSite","@id":"https:\/\/maziul.legal\/es\/#website","url":"https:\/\/maziul.legal\/es\/","name":"Maziul &amp; Asociados","description":"S&oacute;lo otro sitio de WordPress","potentialAction":[{"@type":"SearchAction","target":{"@type":"EntryPoint","urlTemplate":"https:\/\/maziul.legal\/es\/?s={search_term_string}"},"query-input":{"@type":"PropertyValueSpecification","valueRequired":true,"valueName":"search_term_string"}}],"inLanguage":"es"}]}},"_links":{"self":[{"href":"https:\/\/maziul.legal\/es\/wp-json\/wp\/v2\/pages\/1015","targetHints":{"allow":["GET"]}}],"collection":[{"href":"https:\/\/maziul.legal\/es\/wp-json\/wp\/v2\/pages"}],"about":[{"href":"https:\/\/maziul.legal\/es\/wp-json\/wp\/v2\/types\/page"}],"author":[{"embeddable":true,"href":"https:\/\/maziul.legal\/es\/wp-json\/wp\/v2\/users\/1"}],"replies":[{"embeddable":true,"href":"https:\/\/maziul.legal\/es\/wp-json\/wp\/v2\/comments?post=1015"}],"version-history":[{"count":5,"href":"https:\/\/maziul.legal\/es\/wp-json\/wp\/v2\/pages\/1015\/revisions"}],"predecessor-version":[{"id":1040,"href":"https:\/\/maziul.legal\/es\/wp-json\/wp\/v2\/pages\/1015\/revisions\/1040"}],"wp:attachment":[{"href":"https:\/\/maziul.legal\/es\/wp-json\/wp\/v2\/media?parent=1015"}],"curies":[{"name":"wp","href":"https:\/\/api.w.org\/{rel}","templated":true}]}}