{"id":1041,"date":"2023-09-21T13:25:50","date_gmt":"2023-09-21T13:25:50","guid":{"rendered":"https:\/\/maziul.legal\/?page_id=1041"},"modified":"2023-09-21T13:31:30","modified_gmt":"2023-09-21T13:31:30","slug":"declaracion-accesibilidad","status":"publish","type":"page","link":"https:\/\/maziul.legal\/es\/declaracion-accesibilidad\/","title":{"rendered":"Declaraci\u00f3n accesibilidad"},"content":{"rendered":"\t\t<div data-elementor-type=\"wp-page\" data-elementor-id=\"1041\" class=\"elementor elementor-1041\" data-elementor-post-type=\"page\">\n\t\t\t\t\t\t<section class=\"elementor-section elementor-top-section elementor-element elementor-element-87a2d05 elementor-section-boxed elementor-section-height-default elementor-section-height-default\" data-id=\"87a2d05\" data-element_type=\"section\" data-e-type=\"section\">\n\t\t\t\t\t\t<div class=\"elementor-container elementor-column-gap-default\">\n\t\t\t\t\t<div class=\"elementor-column elementor-col-100 elementor-top-column elementor-element elementor-element-ed05f9c\" data-id=\"ed05f9c\" data-element_type=\"column\" data-e-type=\"column\">\n\t\t\t<div class=\"elementor-widget-wrap elementor-element-populated\">\n\t\t\t\t\t\t<div class=\"elementor-element elementor-element-129b30f elementor-widget elementor-widget-heading\" data-id=\"129b30f\" data-element_type=\"widget\" data-e-type=\"widget\" data-widget_type=\"heading.default\">\n\t\t\t\t<div class=\"elementor-widget-container\">\n\t\t\t\t\t<p class=\"elementor-heading-title elementor-size-default\">Declaraci\u00f3n accesibilidad<\/p>\t\t\t\t<\/div>\n\t\t\t\t<\/div>\n\t\t\t\t<div class=\"elementor-element elementor-element-561af15 elementor-widget elementor-widget-text-editor\" data-id=\"561af15\" data-element_type=\"widget\" data-e-type=\"widget\" data-widget_type=\"text-editor.default\">\n\t\t\t\t<div class=\"elementor-widget-container\">\n\t\t\t\t\t\t\t\t\t<p>Maziul &amp; Asociados se ha comprometido a hacer accesibles sus sitios web, de conformidad con el <a href=\"https:\/\/www.boe.es\/buscar\/act.php?id=BOE-A-2018-12699\"><strong>Real Decreto 1112\/2018<\/strong><\/a>, de 7 de septiembre, sobre accesibilidad de los sitios web y aplicaciones para dispositivos m\u00f3viles del sector p\u00fablico, por la que se traspone al ordenamiento jur\u00eddico espa\u00f1ol la\u00a0<a href=\"http:\/\/eur-lex.europa.eu\/legal-content\/ES\/TXT\/?uri=uriserv:OJ.L_.2016.327.01.0001.01.SPA&amp;toc=OJ:L:2016:327:FULL\">Directiva (UE) 2016\/2102 del Parlamento Europeo y del Consejo<\/a>.<\/p><p>La presente declaraci\u00f3n de accesibilidad se aplica al portal institucional <a href=\"https:\/\/espinosanutricion.es\/\">https:\/\/maziul.legal\/<\/a><\/p><p>\u00a0<\/p><h4><strong>SITUACI\u00d3N DE CUMPLIMIENTO<\/strong><\/h4><p>Este sitio web es\u00a0<strong>parcialmente conforme<\/strong>\u00a0con el\u00a0<a href=\"https:\/\/www.boe.es\/diario_boe\/txt.php?id=BOE-A-2018-12699\"><strong>RD 1112\/2018<\/strong><\/a>\u00a0debido a las excepciones y a la falta de conformidad de los aspectos que se indican a continuaci\u00f3n.<\/p><p>\u00a0<\/p><h4><strong>CONTENIDO NO ACCESIBLE<\/strong><\/h4><p>El contenido que se recoge a continuaci\u00f3n no es accesible por lo siguiente:<\/p><p><strong>Falta de conformidad con el RD 1112\/2018<\/strong><\/p><p>Debido a la automatizaci\u00f3n de algunas de las publicaciones podr\u00edan existir p\u00e1ginas con un incorrecto anidamiento de etiquetas HTML.<\/p><p>Existen documentos en formato PDF que no cumplen con la normativa existiendo en algunos de ellos, una alternativa textual HTML que cumple la normativa.<\/p><p>Podr\u00edan existir fallos puntuales de edici\u00f3n en alguna p\u00e1gina web.<\/p><p><strong>Carga desproporcionada<\/strong><\/p><p>No aplica.<\/p><p><strong>Contenido que no entra dentro del \u00e1mbito de la legislaci\u00f3n aplicable<\/strong><\/p><p>Archivos ofim\u00e1ticos en PDF u otros formatos, as\u00ed como aplicaciones publicadas antes del 20 de septiembre de 2018 que no cumplan en su totalidad todos los requisitos de accesibilidad.<\/p><p><strong>PREPARACI\u00d3N DE LA PRESENTE DECLARACI\u00d3N DE ACCESIBILIDAD<\/strong><\/p><p>La presente declaraci\u00f3n fue preparada el 28 de octubre de 2019 y est\u00e1 basada en los Informes de Accesibilidad Web del\u00a0<a href=\"https:\/\/administracionelectronica.gob.es\/pae_Home\/pae_Estrategias\/pae_Accesibilidad.html\"><strong>Observatorio de Accesibilidad<\/strong><\/a>.<\/p><h4>\u00a0<\/h4><h4><strong>OBSERVACIONES Y DATOS DE CONTACTO<\/strong><\/h4><p>Puede realizar\u00a0<strong>comunicaciones<\/strong>\u00a0sobre requisitos de accesibilidad (art\u00edculo 10.2 del RD 1112\/2018) como por ejemplo:<\/p><p>informar sobre cualquier posible incumplimiento por parte de este sitio web<\/p><p>transmitir otras\u00a0<strong>dificultades de acceso<\/strong>\u00a0al contenido<\/p><p>formular cualquier otra\u00a0<strong>consulta o sugerencia de mejora<\/strong> relativa a la accesibilidad del sitio web a trav\u00e9s del\u00a0<a href=\"https:\/\/maziul.legal\/es\/contacto\/\">formulario de contacto<\/a>\u00a0de este sitio web.<\/p><p>Las comunicaciones ser\u00e1n recibidas y tratadas por el\u00a0<em>administrador<\/em>\u00a0de Klaus Maziul.<\/p><h4>\u00a0<\/h4><h4><strong>PROCEDIMIENTO DE APLICACI\u00d3N<\/strong><\/h4><p>Se pondr\u00e1 en marcha un procedimiento de aplicaci\u00f3n adecuado y eficaz al que debe recurrirse en caso de que la respuesta a la comunicaci\u00f3n o a la solicitud sea insatisfactoria.<\/p><p>\u00a0<\/p><h4><strong>CONTENIDO OPCIONAL<\/strong><\/h4><p>Este sitio web maziul.legal<\/p><p>Se ha dise\u00f1ado adapt\u00e1ndose a los est\u00e1ndares y normativas vigentes en relaci\u00f3n a la accesibilidad, cumpliendo con los puntos de verificaci\u00f3n de prioridad 2 (AA) definidos en la especificaci\u00f3n de Pautas de Accesibilidad al Contenido en la Web (WCAG 2.1).<\/p><p>Cumple con los requisitos de la Norma\u00a0<a href=\"https:\/\/administracionelectronica.gob.es\/pae_Home\/dam\/jcr:2352eaaf-2ee8-4501-a67b-bb682c6de934\/Norma_UNE-EN_301549.pdf\">UNE-EN 301549 v1.1.2:2015<\/a>, considerando las excepciones del Real Decreto 1112\/2018.<\/p><p>Est\u00e1 dise\u00f1ado para su correcta visualizaci\u00f3n en dispositivos de escritorio, tablet y m\u00f3viles para una resoluci\u00f3n m\u00ednima de\u00a0<strong>1280\u00d71024<\/strong>.<\/p><p>Se ha realizado utilizando HTML5 como lenguaje de marcado y hojas de estilo CSS 3 para su dise\u00f1o.<\/p><p>\u00a0<\/p>\t\t\t\t\t\t\t\t<\/div>\n\t\t\t\t<\/div>\n\t\t\t\t\t<\/div>\n\t\t<\/div>\n\t\t\t\t\t<\/div>\n\t\t<\/section>\n\t\t\t\t<\/div>\n\t\t","protected":false},"excerpt":{"rendered":"<p>Declaraci\u00f3n accesibilidad Maziul &amp; Asociados se ha comprometido a hacer accesibles sus sitios web, de conformidad con el Real Decreto 1112\/2018, de 7 de septiembre, sobre accesibilidad de los sitios web y aplicaciones para dispositivos m\u00f3viles del sector p\u00fablico, por la que se traspone al ordenamiento jur\u00eddico espa\u00f1ol la\u00a0Directiva (UE) 2016\/2102 del Parlamento Europeo y [&hellip;]<\/p>\n","protected":false},"author":1,"featured_media":0,"parent":0,"menu_order":0,"comment_status":"closed","ping_status":"closed","template":"elementor_header_footer","meta":{"footnotes":""},"class_list":["post-1041","page","type-page","status-publish","hentry"],"yoast_head":"<!-- This site is optimized with the Yoast SEO plugin v27.0 - https:\/\/yoast.com\/product\/yoast-seo-wordpress\/ -->\n<title>Declaraci\u00f3n accesibilidad - Maziul &amp; Asociados<\/title>\n<meta name=\"robots\" content=\"index, follow, max-snippet:-1, max-image-preview:large, max-video-preview:-1\" \/>\n<link rel=\"canonical\" href=\"https:\/\/maziul.legal\/es\/declaracion-accesibilidad\/\" \/>\n<meta property=\"og:locale\" content=\"es_ES\" \/>\n<meta property=\"og:type\" content=\"article\" \/>\n<meta property=\"og:title\" content=\"Declaraci\u00f3n accesibilidad - Maziul &amp; Asociados\" \/>\n<meta property=\"og:description\" content=\"Declaraci\u00f3n accesibilidad Maziul &amp; Asociados se ha comprometido a hacer accesibles sus sitios web, de conformidad con el Real Decreto 1112\/2018, de 7 de septiembre, sobre accesibilidad de los sitios web y aplicaciones para dispositivos m\u00f3viles del sector p\u00fablico, por la que se traspone al ordenamiento jur\u00eddico espa\u00f1ol la\u00a0Directiva (UE) 2016\/2102 del Parlamento Europeo y [&hellip;]\" \/>\n<meta property=\"og:url\" content=\"https:\/\/maziul.legal\/es\/declaracion-accesibilidad\/\" \/>\n<meta property=\"og:site_name\" content=\"Maziul &amp; Asociados\" \/>\n<meta property=\"article:modified_time\" content=\"2023-09-21T13:31:30+00:00\" \/>\n<meta name=\"twitter:card\" content=\"summary_large_image\" \/>\n<meta name=\"twitter:label1\" content=\"Tiempo de lectura\" \/>\n\t<meta name=\"twitter:data1\" content=\"3 minutos\" \/>\n<script type=\"application\/ld+json\" class=\"yoast-schema-graph\">{\"@context\":\"https:\/\/schema.org\",\"@graph\":[{\"@type\":\"WebPage\",\"@id\":\"https:\/\/maziul.legal\/es\/declaracion-accesibilidad\/\",\"url\":\"https:\/\/maziul.legal\/es\/declaracion-accesibilidad\/\",\"name\":\"Declaraci\u00f3n accesibilidad - Maziul &amp; Asociados\",\"isPartOf\":{\"@id\":\"https:\/\/maziul.legal\/es\/#website\"},\"datePublished\":\"2023-09-21T13:25:50+00:00\",\"dateModified\":\"2023-09-21T13:31:30+00:00\",\"breadcrumb\":{\"@id\":\"https:\/\/maziul.legal\/es\/declaracion-accesibilidad\/#breadcrumb\"},\"inLanguage\":\"es\",\"potentialAction\":[{\"@type\":\"ReadAction\",\"target\":[\"https:\/\/maziul.legal\/es\/declaracion-accesibilidad\/\"]}]},{\"@type\":\"BreadcrumbList\",\"@id\":\"https:\/\/maziul.legal\/es\/declaracion-accesibilidad\/#breadcrumb\",\"itemListElement\":[{\"@type\":\"ListItem\",\"position\":1,\"name\":\"Portada\",\"item\":\"https:\/\/maziul.legal\/es\/\"},{\"@type\":\"ListItem\",\"position\":2,\"name\":\"Declaraci\u00f3n accesibilidad\"}]},{\"@type\":\"WebSite\",\"@id\":\"https:\/\/maziul.legal\/es\/#website\",\"url\":\"https:\/\/maziul.legal\/es\/\",\"name\":\"Maziul &amp; Asociados\",\"description\":\"S&oacute;lo otro sitio de WordPress\",\"potentialAction\":[{\"@type\":\"SearchAction\",\"target\":{\"@type\":\"EntryPoint\",\"urlTemplate\":\"https:\/\/maziul.legal\/es\/?s={search_term_string}\"},\"query-input\":{\"@type\":\"PropertyValueSpecification\",\"valueRequired\":true,\"valueName\":\"search_term_string\"}}],\"inLanguage\":\"es\"}]}<\/script>\n<!-- \/ Yoast SEO plugin. -->","yoast_head_json":{"title":"Declaraci\u00f3n accesibilidad - Maziul &amp; Asociados","robots":{"index":"index","follow":"follow","max-snippet":"max-snippet:-1","max-image-preview":"max-image-preview:large","max-video-preview":"max-video-preview:-1"},"canonical":"https:\/\/maziul.legal\/es\/declaracion-accesibilidad\/","og_locale":"es_ES","og_type":"article","og_title":"Declaraci\u00f3n accesibilidad - Maziul &amp; Asociados","og_description":"Declaraci\u00f3n accesibilidad Maziul &amp; Asociados se ha comprometido a hacer accesibles sus sitios web, de conformidad con el Real Decreto 1112\/2018, de 7 de septiembre, sobre accesibilidad de los sitios web y aplicaciones para dispositivos m\u00f3viles del sector p\u00fablico, por la que se traspone al ordenamiento jur\u00eddico espa\u00f1ol la\u00a0Directiva (UE) 2016\/2102 del Parlamento Europeo y [&hellip;]","og_url":"https:\/\/maziul.legal\/es\/declaracion-accesibilidad\/","og_site_name":"Maziul &amp; Asociados","article_modified_time":"2023-09-21T13:31:30+00:00","twitter_card":"summary_large_image","twitter_misc":{"Tiempo de lectura":"3 minutos"},"schema":{"@context":"https:\/\/schema.org","@graph":[{"@type":"WebPage","@id":"https:\/\/maziul.legal\/es\/declaracion-accesibilidad\/","url":"https:\/\/maziul.legal\/es\/declaracion-accesibilidad\/","name":"Declaraci\u00f3n accesibilidad - Maziul &amp; Asociados","isPartOf":{"@id":"https:\/\/maziul.legal\/es\/#website"},"datePublished":"2023-09-21T13:25:50+00:00","dateModified":"2023-09-21T13:31:30+00:00","breadcrumb":{"@id":"https:\/\/maziul.legal\/es\/declaracion-accesibilidad\/#breadcrumb"},"inLanguage":"es","potentialAction":[{"@type":"ReadAction","target":["https:\/\/maziul.legal\/es\/declaracion-accesibilidad\/"]}]},{"@type":"BreadcrumbList","@id":"https:\/\/maziul.legal\/es\/declaracion-accesibilidad\/#breadcrumb","itemListElement":[{"@type":"ListItem","position":1,"name":"Portada","item":"https:\/\/maziul.legal\/es\/"},{"@type":"ListItem","position":2,"name":"Declaraci\u00f3n accesibilidad"}]},{"@type":"WebSite","@id":"https:\/\/maziul.legal\/es\/#website","url":"https:\/\/maziul.legal\/es\/","name":"Maziul &amp; Asociados","description":"S&oacute;lo otro sitio de WordPress","potentialAction":[{"@type":"SearchAction","target":{"@type":"EntryPoint","urlTemplate":"https:\/\/maziul.legal\/es\/?s={search_term_string}"},"query-input":{"@type":"PropertyValueSpecification","valueRequired":true,"valueName":"search_term_string"}}],"inLanguage":"es"}]}},"_links":{"self":[{"href":"https:\/\/maziul.legal\/es\/wp-json\/wp\/v2\/pages\/1041","targetHints":{"allow":["GET"]}}],"collection":[{"href":"https:\/\/maziul.legal\/es\/wp-json\/wp\/v2\/pages"}],"about":[{"href":"https:\/\/maziul.legal\/es\/wp-json\/wp\/v2\/types\/page"}],"author":[{"embeddable":true,"href":"https:\/\/maziul.legal\/es\/wp-json\/wp\/v2\/users\/1"}],"replies":[{"embeddable":true,"href":"https:\/\/maziul.legal\/es\/wp-json\/wp\/v2\/comments?post=1041"}],"version-history":[{"count":5,"href":"https:\/\/maziul.legal\/es\/wp-json\/wp\/v2\/pages\/1041\/revisions"}],"predecessor-version":[{"id":1053,"href":"https:\/\/maziul.legal\/es\/wp-json\/wp\/v2\/pages\/1041\/revisions\/1053"}],"wp:attachment":[{"href":"https:\/\/maziul.legal\/es\/wp-json\/wp\/v2\/media?parent=1041"}],"curies":[{"name":"wp","href":"https:\/\/api.w.org\/{rel}","templated":true}]}}