{"id":766,"date":"2023-09-19T11:51:32","date_gmt":"2023-09-19T11:51:32","guid":{"rendered":"https:\/\/maziul.legal\/?page_id=766"},"modified":"2023-09-20T16:54:02","modified_gmt":"2023-09-20T16:54:02","slug":"asesoramiento-general-sobre-contratos","status":"publish","type":"page","link":"https:\/\/maziul.legal\/es\/asesoramiento-general-sobre-contratos\/","title":{"rendered":"Asesoramiento general sobre contratos"},"content":{"rendered":"\t\t<div data-elementor-type=\"wp-page\" data-elementor-id=\"766\" class=\"elementor elementor-766\" data-elementor-post-type=\"page\">\n\t\t\t\t\t\t<section class=\"elementor-section elementor-top-section elementor-element elementor-element-1f2f5f7 elementor-section-height-min-height elementor-section-boxed elementor-section-height-default elementor-section-items-middle\" data-id=\"1f2f5f7\" data-element_type=\"section\" data-e-type=\"section\" data-settings=\"{&quot;background_background&quot;:&quot;classic&quot;}\">\n\t\t\t\t\t\t\t<div class=\"elementor-background-overlay\"><\/div>\n\t\t\t\t\t\t\t<div class=\"elementor-container elementor-column-gap-default\">\n\t\t\t\t\t<div class=\"elementor-column elementor-col-100 elementor-top-column elementor-element elementor-element-855fd94\" data-id=\"855fd94\" data-element_type=\"column\" data-e-type=\"column\">\n\t\t\t<div class=\"elementor-widget-wrap elementor-element-populated\">\n\t\t\t\t\t\t<div class=\"elementor-element elementor-element-cbeedaa elementor-widget elementor-widget-heading\" data-id=\"cbeedaa\" data-element_type=\"widget\" data-e-type=\"widget\" data-widget_type=\"heading.default\">\n\t\t\t\t<div class=\"elementor-widget-container\">\n\t\t\t\t\t<p class=\"elementor-heading-title elementor-size-default\">PARTICULARES<\/p>\t\t\t\t<\/div>\n\t\t\t\t<\/div>\n\t\t\t\t<div class=\"elementor-element elementor-element-b6c1c7f elementor-invisible elementor-widget elementor-widget-heading\" data-id=\"b6c1c7f\" data-element_type=\"widget\" data-e-type=\"widget\" data-settings=\"{&quot;_animation&quot;:&quot;fadeIn&quot;}\" data-widget_type=\"heading.default\">\n\t\t\t\t<div class=\"elementor-widget-container\">\n\t\t\t\t\t<h1 class=\"elementor-heading-title elementor-size-default\">Asesoramiento general sobre contratos\n<\/h1>\t\t\t\t<\/div>\n\t\t\t\t<\/div>\n\t\t\t\t<div class=\"elementor-element elementor-element-ee44d53 elementor-widget elementor-widget-text-editor\" data-id=\"ee44d53\" data-element_type=\"widget\" data-e-type=\"widget\" data-widget_type=\"text-editor.default\">\n\t\t\t\t<div class=\"elementor-widget-container\">\n\t\t\t\t\t\t\t\t\tSomos su fuente confiable de asesoramiento legal en Valencia. En nuestro despacho de abogados triling\u00fce, nos especializamos en proporcionar servicios de asesoramiento general sobre contratos a particulares. Nuestro compromiso es ayudarle a navegar por el complejo mundo de los contratos, brind\u00e1ndole una s\u00f3lida base legal para proteger sus intereses.\n\t\t\t\t\t\t\t\t<\/div>\n\t\t\t\t<\/div>\n\t\t\t\t\t<\/div>\n\t\t<\/div>\n\t\t\t\t\t<\/div>\n\t\t<\/section>\n\t\t\t\t<section class=\"elementor-section elementor-top-section elementor-element elementor-element-9ce3d50 elementor-section-boxed elementor-section-height-default elementor-section-height-default\" data-id=\"9ce3d50\" data-element_type=\"section\" data-e-type=\"section\">\n\t\t\t\t\t\t<div class=\"elementor-container elementor-column-gap-default\">\n\t\t\t\t\t<div class=\"elementor-column elementor-col-100 elementor-top-column elementor-element elementor-element-d490a66\" data-id=\"d490a66\" data-element_type=\"column\" data-e-type=\"column\">\n\t\t\t<div class=\"elementor-widget-wrap elementor-element-populated\">\n\t\t\t\t\t\t<section class=\"elementor-section elementor-inner-section elementor-element elementor-element-4946b00 elementor-section-boxed elementor-section-height-default elementor-section-height-default\" data-id=\"4946b00\" data-element_type=\"section\" data-e-type=\"section\">\n\t\t\t\t\t\t<div class=\"elementor-container elementor-column-gap-default\">\n\t\t\t\t\t<div class=\"elementor-column elementor-col-100 elementor-inner-column elementor-element elementor-element-a674007\" data-id=\"a674007\" data-element_type=\"column\" data-e-type=\"column\">\n\t\t\t<div class=\"elementor-widget-wrap elementor-element-populated\">\n\t\t\t\t\t\t<div class=\"elementor-element elementor-element-7629493 elementor-widget elementor-widget-heading\" data-id=\"7629493\" data-element_type=\"widget\" data-e-type=\"widget\" data-widget_type=\"heading.default\">\n\t\t\t\t<div class=\"elementor-widget-container\">\n\t\t\t\t\t<h2 class=\"elementor-heading-title elementor-size-default\">Servicios de asesoramiento general sobre contratos a particulares\n<\/h2>\t\t\t\t<\/div>\n\t\t\t\t<\/div>\n\t\t\t\t<div class=\"elementor-element elementor-element-3f18c3d elementor-widget elementor-widget-text-editor\" data-id=\"3f18c3d\" data-element_type=\"widget\" data-e-type=\"widget\" data-widget_type=\"text-editor.default\">\n\t\t\t\t<div class=\"elementor-widget-container\">\n\t\t\t\t\t\t\t\t\tEn Maziul &#038; Asociados, entendemos que los contratos son fundamentales en la vida cotidiana y en los negocios. Ofrecemos servicios de asesoramiento general sobre contratos dise\u00f1ados espec\u00edficamente para particulares, incluyendo:\n\t\t\t\t\t\t\t\t<\/div>\n\t\t\t\t<\/div>\n\t\t\t\t\t<\/div>\n\t\t<\/div>\n\t\t\t\t\t<\/div>\n\t\t<\/section>\n\t\t\t\t<section class=\"elementor-section elementor-inner-section elementor-element elementor-element-133744b animated-slow elementor-section-boxed elementor-section-height-default elementor-section-height-default elementor-invisible\" data-id=\"133744b\" data-element_type=\"section\" data-e-type=\"section\" data-settings=\"{&quot;animation&quot;:&quot;fadeIn&quot;}\">\n\t\t\t\t\t\t<div class=\"elementor-container elementor-column-gap-default\">\n\t\t\t\t\t<div class=\"elementor-column elementor-col-33 elementor-inner-column elementor-element elementor-element-d8602fe animated-slow elementor-invisible\" data-id=\"d8602fe\" data-element_type=\"column\" data-e-type=\"column\" data-settings=\"{&quot;animation&quot;:&quot;fadeIn&quot;}\">\n\t\t\t<div class=\"elementor-widget-wrap elementor-element-populated\">\n\t\t\t\t\t\t<div class=\"elementor-element elementor-element-5bbe6f2 elementor-widget-mobile__width-auto elementor-widget elementor-widget-heading\" data-id=\"5bbe6f2\" data-element_type=\"widget\" data-e-type=\"widget\" data-widget_type=\"heading.default\">\n\t\t\t\t<div class=\"elementor-widget-container\">\n\t\t\t\t\t<p class=\"elementor-heading-title elementor-size-default\">01.<\/p>\t\t\t\t<\/div>\n\t\t\t\t<\/div>\n\t\t\t\t<div class=\"elementor-element elementor-element-45245f8 elementor-widget elementor-widget-heading\" data-id=\"45245f8\" data-element_type=\"widget\" data-e-type=\"widget\" data-widget_type=\"heading.default\">\n\t\t\t\t<div class=\"elementor-widget-container\">\n\t\t\t\t\t<p class=\"elementor-heading-title elementor-size-default\">Revisi\u00f3n de contratos<\/p>\t\t\t\t<\/div>\n\t\t\t\t<\/div>\n\t\t\t\t<div class=\"elementor-element elementor-element-beabb74 elementor-widget elementor-widget-text-editor\" data-id=\"beabb74\" data-element_type=\"widget\" data-e-type=\"widget\" data-widget_type=\"text-editor.default\">\n\t\t\t\t<div class=\"elementor-widget-container\">\n\t\t\t\t\t\t\t\t\tAnalizamos minuciosamente los contratos antes de que los firme para garantizar que sus derechos est\u00e9n protegidos y que comprenda todas las implicaciones legales.\n\t\t\t\t\t\t\t\t<\/div>\n\t\t\t\t<\/div>\n\t\t\t\t\t<\/div>\n\t\t<\/div>\n\t\t\t\t<div class=\"elementor-column elementor-col-33 elementor-inner-column elementor-element elementor-element-a52afcb animated-slow elementor-invisible\" data-id=\"a52afcb\" data-element_type=\"column\" data-e-type=\"column\" data-settings=\"{&quot;animation&quot;:&quot;fadeIn&quot;,&quot;animation_delay&quot;:200}\">\n\t\t\t<div class=\"elementor-widget-wrap elementor-element-populated\">\n\t\t\t\t\t\t<div class=\"elementor-element elementor-element-d66c7d9 elementor-widget-mobile__width-auto elementor-widget elementor-widget-heading\" data-id=\"d66c7d9\" data-element_type=\"widget\" data-e-type=\"widget\" data-widget_type=\"heading.default\">\n\t\t\t\t<div class=\"elementor-widget-container\">\n\t\t\t\t\t<p class=\"elementor-heading-title elementor-size-default\">02.<\/p>\t\t\t\t<\/div>\n\t\t\t\t<\/div>\n\t\t\t\t<div class=\"elementor-element elementor-element-f3ff090 elementor-widget elementor-widget-heading\" data-id=\"f3ff090\" data-element_type=\"widget\" data-e-type=\"widget\" data-widget_type=\"heading.default\">\n\t\t\t\t<div class=\"elementor-widget-container\">\n\t\t\t\t\t<p class=\"elementor-heading-title elementor-size-default\">Elaboraci\u00f3n de contratos<\/p>\t\t\t\t<\/div>\n\t\t\t\t<\/div>\n\t\t\t\t<div class=\"elementor-element elementor-element-61d5d68 elementor-widget elementor-widget-text-editor\" data-id=\"61d5d68\" data-element_type=\"widget\" data-e-type=\"widget\" data-widget_type=\"text-editor.default\">\n\t\t\t\t<div class=\"elementor-widget-container\">\n\t\t\t\t\t\t\t\t\t<p><span style=\"font-weight: 400;\">\u00a0Si necesita crear un contrato personalizado, nuestros abogados expertos pueden redactarlo de manera clara y precisa.<\/span><\/p>\t\t\t\t\t\t\t\t<\/div>\n\t\t\t\t<\/div>\n\t\t\t\t\t<\/div>\n\t\t<\/div>\n\t\t\t\t<div class=\"elementor-column elementor-col-33 elementor-inner-column elementor-element elementor-element-ab43d36 animated-slow elementor-invisible\" data-id=\"ab43d36\" data-element_type=\"column\" data-e-type=\"column\" data-settings=\"{&quot;animation&quot;:&quot;fadeIn&quot;,&quot;animation_delay&quot;:200}\">\n\t\t\t<div class=\"elementor-widget-wrap elementor-element-populated\">\n\t\t\t\t\t\t<div class=\"elementor-element elementor-element-e7e1e68 elementor-widget-mobile__width-auto elementor-widget elementor-widget-heading\" data-id=\"e7e1e68\" data-element_type=\"widget\" data-e-type=\"widget\" data-widget_type=\"heading.default\">\n\t\t\t\t<div class=\"elementor-widget-container\">\n\t\t\t\t\t<p class=\"elementor-heading-title elementor-size-default\">03.<\/p>\t\t\t\t<\/div>\n\t\t\t\t<\/div>\n\t\t\t\t<div class=\"elementor-element elementor-element-eb24314 elementor-widget elementor-widget-heading\" data-id=\"eb24314\" data-element_type=\"widget\" data-e-type=\"widget\" data-widget_type=\"heading.default\">\n\t\t\t\t<div class=\"elementor-widget-container\">\n\t\t\t\t\t<p class=\"elementor-heading-title elementor-size-default\">Negociaci\u00f3n contractual<\/p>\t\t\t\t<\/div>\n\t\t\t\t<\/div>\n\t\t\t\t<div class=\"elementor-element elementor-element-04866c1 elementor-widget elementor-widget-text-editor\" data-id=\"04866c1\" data-element_type=\"widget\" data-e-type=\"widget\" data-widget_type=\"text-editor.default\">\n\t\t\t\t<div class=\"elementor-widget-container\">\n\t\t\t\t\t\t\t\t\t Le ayudamos a negociar t\u00e9rminos justos en acuerdos contractuales para alcanzar acuerdos beneficiosos.\n\n\t\t\t\t\t\t\t\t<\/div>\n\t\t\t\t<\/div>\n\t\t\t\t\t<\/div>\n\t\t<\/div>\n\t\t\t\t\t<\/div>\n\t\t<\/section>\n\t\t\t\t\t<\/div>\n\t\t<\/div>\n\t\t\t\t\t<\/div>\n\t\t<\/section>\n\t\t\t\t<section class=\"elementor-section elementor-top-section elementor-element elementor-element-be7f10c elementor-section-boxed elementor-section-height-default elementor-section-height-default\" data-id=\"be7f10c\" data-element_type=\"section\" data-e-type=\"section\" data-settings=\"{&quot;background_background&quot;:&quot;classic&quot;}\">\n\t\t\t\t\t\t<div class=\"elementor-container elementor-column-gap-default\">\n\t\t\t\t\t<div class=\"elementor-column elementor-col-100 elementor-top-column elementor-element elementor-element-82095ca\" data-id=\"82095ca\" data-element_type=\"column\" data-e-type=\"column\">\n\t\t\t<div class=\"elementor-widget-wrap elementor-element-populated\">\n\t\t\t\t\t\t<div class=\"elementor-element elementor-element-4fcd34e elementor-widget elementor-widget-heading\" data-id=\"4fcd34e\" data-element_type=\"widget\" data-e-type=\"widget\" data-widget_type=\"heading.default\">\n\t\t\t\t<div class=\"elementor-widget-container\">\n\t\t\t\t\t<p class=\"elementor-heading-title elementor-size-default\">FAQ<\/p>\t\t\t\t<\/div>\n\t\t\t\t<\/div>\n\t\t\t\t<section class=\"elementor-section elementor-inner-section elementor-element elementor-element-a54ef4d elementor-section-boxed elementor-section-height-default elementor-section-height-default\" data-id=\"a54ef4d\" data-element_type=\"section\" data-e-type=\"section\">\n\t\t\t\t\t\t<div class=\"elementor-container elementor-column-gap-default\">\n\t\t\t\t\t<div class=\"elementor-column elementor-col-100 elementor-inner-column elementor-element elementor-element-a8f3208\" data-id=\"a8f3208\" data-element_type=\"column\" data-e-type=\"column\">\n\t\t\t<div class=\"elementor-widget-wrap elementor-element-populated\">\n\t\t\t\t\t\t<div class=\"elementor-element elementor-element-ae22714 elementor-widget elementor-widget-toggle\" data-id=\"ae22714\" data-element_type=\"widget\" data-e-type=\"widget\" data-widget_type=\"toggle.default\">\n\t\t\t\t<div class=\"elementor-widget-container\">\n\t\t\t\t\t\t\t<div class=\"elementor-toggle\">\n\t\t\t\t\t\t\t<div class=\"elementor-toggle-item\">\n\t\t\t\t\t<div id=\"elementor-tab-title-1821\" class=\"elementor-tab-title\" data-tab=\"1\" role=\"button\" aria-controls=\"elementor-tab-content-1821\" aria-expanded=\"false\">\n\t\t\t\t\t\t\t\t\t\t\t\t<a class=\"elementor-toggle-title\" tabindex=\"0\">Por qu\u00e9 deber\u00eda contratar a un abogado para asesorarme en contratos personales?<\/a>\n\t\t\t\t\t<\/div>\n\n\t\t\t\t\t<div id=\"elementor-tab-content-1821\" class=\"elementor-tab-content elementor-clearfix\" data-tab=\"1\" role=\"region\" aria-labelledby=\"elementor-tab-title-1821\"><p>\u00a0La asesor\u00eda legal en contratos personales es fundamental para proteger sus derechos e intereses. Un abogado puede garantizar que comprenda completamente los t\u00e9rminos del contrato y que est\u00e9n en su mejor inter\u00e9s. Adem\u00e1s, puede ayudar a prevenir problemas legales futuros.<\/p><\/div>\n\t\t\t\t<\/div>\n\t\t\t\t\t\t\t<div class=\"elementor-toggle-item\">\n\t\t\t\t\t<div id=\"elementor-tab-title-1822\" class=\"elementor-tab-title\" data-tab=\"2\" role=\"button\" aria-controls=\"elementor-tab-content-1822\" aria-expanded=\"false\">\n\t\t\t\t\t\t\t\t\t\t\t\t<a class=\"elementor-toggle-title\" tabindex=\"0\">\u00bfQu\u00e9 tipos de contratos personales pueden beneficiarse del asesoramiento legal?<\/a>\n\t\t\t\t\t<\/div>\n\n\t\t\t\t\t<div id=\"elementor-tab-content-1822\" class=\"elementor-tab-content elementor-clearfix\" data-tab=\"2\" role=\"region\" aria-labelledby=\"elementor-tab-title-1822\"><p>Ofrecemos asesoramiento legal en una amplia gama de contratos personales, como contratos de arrendamiento, acuerdos de compraventa, contratos de pr\u00e9stamo, contratos de empleo y m\u00e1s. Si tiene un contrato personal que necesita ser revisado o redactado, estamos aqu\u00ed para ayudar.<\/p><\/div>\n\t\t\t\t<\/div>\n\t\t\t\t\t\t\t<div class=\"elementor-toggle-item\">\n\t\t\t\t\t<div id=\"elementor-tab-title-1823\" class=\"elementor-tab-title\" data-tab=\"3\" role=\"button\" aria-controls=\"elementor-tab-content-1823\" aria-expanded=\"false\">\n\t\t\t\t\t\t\t\t\t\t\t\t<a class=\"elementor-toggle-title\" tabindex=\"0\">\u00bfCu\u00e1les son los costos asociados con el asesoramiento legal en contratos personales?<\/a>\n\t\t\t\t\t<\/div>\n\n\t\t\t\t\t<div id=\"elementor-tab-content-1823\" class=\"elementor-tab-content elementor-clearfix\" data-tab=\"3\" role=\"region\" aria-labelledby=\"elementor-tab-title-1823\"><p>Los costos pueden variar seg\u00fan la complejidad del contrato y la cantidad de trabajo involucrada. Sin embargo, estamos comprometidos en ofrecer tarifas transparentes y competitivas. Durante una consulta inicial, discutiremos sus necesidades y le proporcionaremos un presupuesto claro antes de comenzar.<\/p><\/div>\n\t\t\t\t<\/div>\n\t\t\t\t\t\t\t\t<\/div>\n\t\t\t\t\t\t<\/div>\n\t\t\t\t<\/div>\n\t\t\t\t\t<\/div>\n\t\t<\/div>\n\t\t\t\t\t<\/div>\n\t\t<\/section>\n\t\t\t\t\t<\/div>\n\t\t<\/div>\n\t\t\t\t\t<\/div>\n\t\t<\/section>\n\t\t\t\t<\/div>\n\t\t","protected":false},"excerpt":{"rendered":"<p>PARTICULARES Asesoramiento general sobre contratos Somos su fuente confiable de asesoramiento legal en Valencia. En nuestro despacho de abogados triling\u00fce, nos especializamos en proporcionar servicios de asesoramiento general sobre contratos a particulares. Nuestro compromiso es ayudarle a navegar por el complejo mundo de los contratos, brind\u00e1ndole una s\u00f3lida base legal para proteger sus intereses. Servicios [&hellip;]<\/p>\n","protected":false},"author":1,"featured_media":0,"parent":0,"menu_order":0,"comment_status":"closed","ping_status":"closed","template":"elementor_header_footer","meta":{"footnotes":""},"class_list":["post-766","page","type-page","status-publish","hentry"],"yoast_head":"<!-- This site is optimized with the Yoast SEO plugin v27.0 - https:\/\/yoast.com\/product\/yoast-seo-wordpress\/ -->\n<title>Asesoramiento general sobre contratos - Maziul &amp; Asociados<\/title>\n<meta name=\"robots\" content=\"index, follow, max-snippet:-1, max-image-preview:large, max-video-preview:-1\" \/>\n<link rel=\"canonical\" href=\"https:\/\/maziul.legal\/es\/asesoramiento-general-sobre-contratos\/\" \/>\n<meta property=\"og:locale\" content=\"es_ES\" \/>\n<meta property=\"og:type\" content=\"article\" \/>\n<meta property=\"og:title\" content=\"Asesoramiento general sobre contratos - Maziul &amp; Asociados\" \/>\n<meta property=\"og:description\" content=\"PARTICULARES Asesoramiento general sobre contratos Somos su fuente confiable de asesoramiento legal en Valencia. En nuestro despacho de abogados triling\u00fce, nos especializamos en proporcionar servicios de asesoramiento general sobre contratos a particulares. Nuestro compromiso es ayudarle a navegar por el complejo mundo de los contratos, brind\u00e1ndole una s\u00f3lida base legal para proteger sus intereses. Servicios [&hellip;]\" \/>\n<meta property=\"og:url\" content=\"https:\/\/maziul.legal\/es\/asesoramiento-general-sobre-contratos\/\" \/>\n<meta property=\"og:site_name\" content=\"Maziul &amp; Asociados\" \/>\n<meta property=\"article:modified_time\" content=\"2023-09-20T16:54:02+00:00\" \/>\n<meta name=\"twitter:card\" content=\"summary_large_image\" \/>\n<meta name=\"twitter:label1\" content=\"Tiempo de lectura\" \/>\n\t<meta name=\"twitter:data1\" content=\"2 minutos\" \/>\n<script type=\"application\/ld+json\" class=\"yoast-schema-graph\">{\"@context\":\"https:\/\/schema.org\",\"@graph\":[{\"@type\":\"WebPage\",\"@id\":\"https:\/\/maziul.legal\/es\/asesoramiento-general-sobre-contratos\/\",\"url\":\"https:\/\/maziul.legal\/es\/asesoramiento-general-sobre-contratos\/\",\"name\":\"Asesoramiento general sobre contratos - Maziul &amp; Asociados\",\"isPartOf\":{\"@id\":\"https:\/\/maziul.legal\/es\/#website\"},\"datePublished\":\"2023-09-19T11:51:32+00:00\",\"dateModified\":\"2023-09-20T16:54:02+00:00\",\"breadcrumb\":{\"@id\":\"https:\/\/maziul.legal\/es\/asesoramiento-general-sobre-contratos\/#breadcrumb\"},\"inLanguage\":\"es\",\"potentialAction\":[{\"@type\":\"ReadAction\",\"target\":[\"https:\/\/maziul.legal\/es\/asesoramiento-general-sobre-contratos\/\"]}]},{\"@type\":\"BreadcrumbList\",\"@id\":\"https:\/\/maziul.legal\/es\/asesoramiento-general-sobre-contratos\/#breadcrumb\",\"itemListElement\":[{\"@type\":\"ListItem\",\"position\":1,\"name\":\"Portada\",\"item\":\"https:\/\/maziul.legal\/es\/\"},{\"@type\":\"ListItem\",\"position\":2,\"name\":\"Asesoramiento general sobre contratos\"}]},{\"@type\":\"WebSite\",\"@id\":\"https:\/\/maziul.legal\/es\/#website\",\"url\":\"https:\/\/maziul.legal\/es\/\",\"name\":\"Maziul &amp; Asociados\",\"description\":\"S&oacute;lo otro sitio de WordPress\",\"potentialAction\":[{\"@type\":\"SearchAction\",\"target\":{\"@type\":\"EntryPoint\",\"urlTemplate\":\"https:\/\/maziul.legal\/es\/?s={search_term_string}\"},\"query-input\":{\"@type\":\"PropertyValueSpecification\",\"valueRequired\":true,\"valueName\":\"search_term_string\"}}],\"inLanguage\":\"es\"}]}<\/script>\n<!-- \/ Yoast SEO plugin. -->","yoast_head_json":{"title":"Asesoramiento general sobre contratos - Maziul &amp; Asociados","robots":{"index":"index","follow":"follow","max-snippet":"max-snippet:-1","max-image-preview":"max-image-preview:large","max-video-preview":"max-video-preview:-1"},"canonical":"https:\/\/maziul.legal\/es\/asesoramiento-general-sobre-contratos\/","og_locale":"es_ES","og_type":"article","og_title":"Asesoramiento general sobre contratos - Maziul &amp; Asociados","og_description":"PARTICULARES Asesoramiento general sobre contratos Somos su fuente confiable de asesoramiento legal en Valencia. En nuestro despacho de abogados triling\u00fce, nos especializamos en proporcionar servicios de asesoramiento general sobre contratos a particulares. Nuestro compromiso es ayudarle a navegar por el complejo mundo de los contratos, brind\u00e1ndole una s\u00f3lida base legal para proteger sus intereses. Servicios [&hellip;]","og_url":"https:\/\/maziul.legal\/es\/asesoramiento-general-sobre-contratos\/","og_site_name":"Maziul &amp; Asociados","article_modified_time":"2023-09-20T16:54:02+00:00","twitter_card":"summary_large_image","twitter_misc":{"Tiempo de lectura":"2 minutos"},"schema":{"@context":"https:\/\/schema.org","@graph":[{"@type":"WebPage","@id":"https:\/\/maziul.legal\/es\/asesoramiento-general-sobre-contratos\/","url":"https:\/\/maziul.legal\/es\/asesoramiento-general-sobre-contratos\/","name":"Asesoramiento general sobre contratos - Maziul &amp; Asociados","isPartOf":{"@id":"https:\/\/maziul.legal\/es\/#website"},"datePublished":"2023-09-19T11:51:32+00:00","dateModified":"2023-09-20T16:54:02+00:00","breadcrumb":{"@id":"https:\/\/maziul.legal\/es\/asesoramiento-general-sobre-contratos\/#breadcrumb"},"inLanguage":"es","potentialAction":[{"@type":"ReadAction","target":["https:\/\/maziul.legal\/es\/asesoramiento-general-sobre-contratos\/"]}]},{"@type":"BreadcrumbList","@id":"https:\/\/maziul.legal\/es\/asesoramiento-general-sobre-contratos\/#breadcrumb","itemListElement":[{"@type":"ListItem","position":1,"name":"Portada","item":"https:\/\/maziul.legal\/es\/"},{"@type":"ListItem","position":2,"name":"Asesoramiento general sobre contratos"}]},{"@type":"WebSite","@id":"https:\/\/maziul.legal\/es\/#website","url":"https:\/\/maziul.legal\/es\/","name":"Maziul &amp; Asociados","description":"S&oacute;lo otro sitio de WordPress","potentialAction":[{"@type":"SearchAction","target":{"@type":"EntryPoint","urlTemplate":"https:\/\/maziul.legal\/es\/?s={search_term_string}"},"query-input":{"@type":"PropertyValueSpecification","valueRequired":true,"valueName":"search_term_string"}}],"inLanguage":"es"}]}},"_links":{"self":[{"href":"https:\/\/maziul.legal\/es\/wp-json\/wp\/v2\/pages\/766","targetHints":{"allow":["GET"]}}],"collection":[{"href":"https:\/\/maziul.legal\/es\/wp-json\/wp\/v2\/pages"}],"about":[{"href":"https:\/\/maziul.legal\/es\/wp-json\/wp\/v2\/types\/page"}],"author":[{"embeddable":true,"href":"https:\/\/maziul.legal\/es\/wp-json\/wp\/v2\/users\/1"}],"replies":[{"embeddable":true,"href":"https:\/\/maziul.legal\/es\/wp-json\/wp\/v2\/comments?post=766"}],"version-history":[{"count":5,"href":"https:\/\/maziul.legal\/es\/wp-json\/wp\/v2\/pages\/766\/revisions"}],"predecessor-version":[{"id":1014,"href":"https:\/\/maziul.legal\/es\/wp-json\/wp\/v2\/pages\/766\/revisions\/1014"}],"wp:attachment":[{"href":"https:\/\/maziul.legal\/es\/wp-json\/wp\/v2\/media?parent=766"}],"curies":[{"name":"wp","href":"https:\/\/api.w.org\/{rel}","templated":true}]}}